{"id":2,"date":"2013-11-06T11:55:36","date_gmt":"2013-11-06T11:55:36","guid":{"rendered":"https:\/\/reeducandonos.com.ar\/renderest\/?page_id=2"},"modified":"2025-03-18T11:59:20","modified_gmt":"2025-03-18T11:59:20","slug":"bienvenidos","status":"publish","type":"page","link":"https:\/\/reeducandonos.com.ar\/renderest\/","title":{"rendered":"Bienvenidos"},"content":{"rendered":"\t\t<div data-elementor-type=\"wp-page\" data-elementor-id=\"2\" class=\"elementor elementor-2\" data-elementor-post-type=\"page\">\n\t\t\t\t<div class=\"elementor-element elementor-element-43fee3c e-con-full e-flex e-con e-parent\" data-id=\"43fee3c\" data-element_type=\"container\">\n\t\t<div class=\"elementor-element elementor-element-85b6eb1 e-con-full e-flex e-con e-child\" data-id=\"85b6eb1\" data-element_type=\"container\">\n\t\t\t\t<div class=\"elementor-element elementor-element-9988665 elementor--h-position-center elementor--v-position-middle elementor-arrows-position-inside elementor-pagination-position-inside elementor-widget elementor-widget-slides\" data-id=\"9988665\" data-element_type=\"widget\" data-settings=\"{&quot;autoplay_speed&quot;:4000,&quot;transition&quot;:&quot;fade&quot;,&quot;navigation&quot;:&quot;both&quot;,&quot;autoplay&quot;:&quot;yes&quot;,&quot;infinite&quot;:&quot;yes&quot;,&quot;transition_speed&quot;:500}\" data-widget_type=\"slides.default\">\n\t\t\t\t<div class=\"elementor-widget-container\">\n\t\t\t\t\t\t\t\t\t<div class=\"elementor-swiper\">\n\t\t\t\t\t<div class=\"elementor-slides-wrapper elementor-main-swiper swiper\" role=\"region\" aria-roledescription=\"carousel\" aria-label=\"Slides\" dir=\"ltr\" data-animation=\"fadeInUp\">\n\t\t\t\t<div class=\"swiper-wrapper elementor-slides\">\n\t\t\t\t\t\t\t\t\t\t<div class=\"elementor-repeater-item-f325c54 swiper-slide\" role=\"group\" aria-roledescription=\"slide\"><div class=\"swiper-slide-bg elementor-ken-burns elementor-ken-burns--in\" role=\"img\"><\/div><div class=\"elementor-background-overlay\"><\/div><a class=\"swiper-slide-inner\" href=\"https:\/\/reeducandonos.com.ar\/renderest\/servicios\/\"><div class=\"swiper-slide-contents\"><div class=\"elementor-slide-heading\">RENDEREST.SAS<\/div><div class=\"elementor-slide-description\">Elaboraci\u00f3n de Sub-Productos Ganaderos<\/div><div  class=\"elementor-button elementor-slide-button elementor-size-sm\">SERVICIOS<\/div><\/div><\/a><\/div><div class=\"elementor-repeater-item-e281aa3 swiper-slide\" role=\"group\" aria-roledescription=\"slide\"><div class=\"swiper-slide-bg elementor-ken-burns elementor-ken-burns--in\" role=\"img\"><\/div><div class=\"elementor-background-overlay\"><\/div><a class=\"swiper-slide-inner\" href=\"https:\/\/reeducandonos.com.ar\/renderest\/servicios\/\"><div class=\"swiper-slide-contents\"><div class=\"elementor-slide-heading\">RENDEREST.SAS<\/div><div class=\"elementor-slide-description\">Elaboraci\u00f3n de Sub-Productos Ganaderos<\/div><div  class=\"elementor-button elementor-slide-button elementor-size-sm\">SERVICIOS<\/div><\/div><\/a><\/div><div class=\"elementor-repeater-item-4e703a3 swiper-slide\" role=\"group\" aria-roledescription=\"slide\"><div class=\"swiper-slide-bg elementor-ken-burns elementor-ken-burns--in\" role=\"img\"><\/div><div class=\"elementor-background-overlay\"><\/div><a class=\"swiper-slide-inner\" href=\"https:\/\/reeducandonos.com.ar\/renderest\/servicios\/\"><div class=\"swiper-slide-contents\"><div class=\"elementor-slide-heading\">RENDEREST.SAS<\/div><div class=\"elementor-slide-description\">Elaboraci\u00f3n de Sub-Productos Ganaderos<\/div><div  class=\"elementor-button elementor-slide-button elementor-size-sm\">SERVICIOS<\/div><\/div><\/a><\/div>\t\t\t\t<\/div>\n\t\t\t\t\t\t\t\t\t\t\t\t\t\t\t<div class=\"elementor-swiper-button elementor-swiper-button-prev\" role=\"button\" tabindex=\"0\" aria-label=\"Previous slide\">\n\t\t\t\t\t\t\t<svg aria-hidden=\"true\" class=\"e-font-icon-svg e-eicon-chevron-left\" viewBox=\"0 0 1000 1000\" xmlns=\"http:\/\/www.w3.org\/2000\/svg\"><path d=\"M646 125C629 125 613 133 604 142L308 442C296 454 292 471 292 487 292 504 296 521 308 533L604 854C617 867 629 875 646 875 663 875 679 871 692 858 704 846 713 829 713 812 713 796 708 779 692 767L438 487 692 225C700 217 708 204 708 187 708 171 704 154 692 142 675 129 663 125 646 125Z\"><\/path><\/svg>\t\t\t\t\t\t<\/div>\n\t\t\t\t\t\t<div class=\"elementor-swiper-button elementor-swiper-button-next\" role=\"button\" tabindex=\"0\" aria-label=\"Next slide\">\n\t\t\t\t\t\t\t<svg aria-hidden=\"true\" class=\"e-font-icon-svg e-eicon-chevron-right\" viewBox=\"0 0 1000 1000\" xmlns=\"http:\/\/www.w3.org\/2000\/svg\"><path d=\"M696 533C708 521 713 504 713 487 713 471 708 454 696 446L400 146C388 133 375 125 354 125 338 125 325 129 313 142 300 154 292 171 292 187 292 204 296 221 308 233L563 492 304 771C292 783 288 800 288 817 288 833 296 850 308 863 321 871 338 875 354 875 371 875 388 867 400 854L696 533Z\"><\/path><\/svg>\t\t\t\t\t\t<\/div>\n\t\t\t\t\t\t\t\t\t\t\t\t\t\t\t\t<div class=\"swiper-pagination\"><\/div>\n\t\t\t\t\t\t\t\t\t\t\t\t<\/div>\n\t\t\t\t<\/div>\n\t\t\t\t\t\t\t\t<\/div>\n\t\t\t\t<\/div>\n\t\t\t\t<\/div>\n\t\t\t\t<\/div>\n\t\t<div class=\"elementor-element elementor-element-c09c996 e-flex e-con-boxed e-con e-parent\" data-id=\"c09c996\" data-element_type=\"container\">\n\t\t\t\t\t<div class=\"e-con-inner\">\n\t\t<div class=\"elementor-element elementor-element-da27af7 e-con-full elementor-hidden-mobile e-flex e-con e-child\" data-id=\"da27af7\" data-element_type=\"container\">\n\t\t\t\t<div class=\"elementor-element elementor-element-6ce585a elementor-widget elementor-widget-image\" data-id=\"6ce585a\" data-element_type=\"widget\" data-widget_type=\"image.default\">\n\t\t\t\t<div class=\"elementor-widget-container\">\n\t\t\t\t\t\t\t\t\t\t\t\t\t\t\t<img fetchpriority=\"high\" decoding=\"async\" width=\"720\" height=\"720\" src=\"https:\/\/reeducandonos.com.ar\/renderest\/wp-content\/uploads\/2024\/09\/WhatsApp-Image-2024-11-04-at-2.22.58-PM.jpeg\" class=\"attachment-large size-large wp-image-216\" alt=\"\" srcset=\"https:\/\/reeducandonos.com.ar\/renderest\/wp-content\/uploads\/2024\/09\/WhatsApp-Image-2024-11-04-at-2.22.58-PM.jpeg 720w, https:\/\/reeducandonos.com.ar\/renderest\/wp-content\/uploads\/2024\/09\/WhatsApp-Image-2024-11-04-at-2.22.58-PM-300x300.jpeg 300w, https:\/\/reeducandonos.com.ar\/renderest\/wp-content\/uploads\/2024\/09\/WhatsApp-Image-2024-11-04-at-2.22.58-PM-150x150.jpeg 150w\" sizes=\"(max-width: 720px) 100vw, 720px\" \/>\t\t\t\t\t\t\t\t\t\t\t\t\t\t\t<\/div>\n\t\t\t\t<\/div>\n\t\t\t\t<div class=\"elementor-element elementor-element-6cd5c25 elementor-widget elementor-widget-spacer\" data-id=\"6cd5c25\" data-element_type=\"widget\" data-widget_type=\"spacer.default\">\n\t\t\t\t<div class=\"elementor-widget-container\">\n\t\t\t\t\t\t\t<div class=\"elementor-spacer\">\n\t\t\t<div class=\"elementor-spacer-inner\"><\/div>\n\t\t<\/div>\n\t\t\t\t\t\t<\/div>\n\t\t\t\t<\/div>\n\t\t\t\t<\/div>\n\t\t<div class=\"elementor-element elementor-element-a7faa42 e-con-full elementor-hidden-mobile e-flex e-con e-child\" data-id=\"a7faa42\" data-element_type=\"container\">\n\t\t\t\t<div class=\"elementor-element elementor-element-6a0cbdc elementor-widget elementor-widget-spacer\" data-id=\"6a0cbdc\" data-element_type=\"widget\" data-widget_type=\"spacer.default\">\n\t\t\t\t<div class=\"elementor-widget-container\">\n\t\t\t\t\t\t\t<div class=\"elementor-spacer\">\n\t\t\t<div class=\"elementor-spacer-inner\"><\/div>\n\t\t<\/div>\n\t\t\t\t\t\t<\/div>\n\t\t\t\t<\/div>\n\t\t\t\t<div class=\"elementor-element elementor-element-16ef44c elementor-widget elementor-widget-image\" data-id=\"16ef44c\" data-element_type=\"widget\" data-widget_type=\"image.default\">\n\t\t\t\t<div class=\"elementor-widget-container\">\n\t\t\t\t\t\t\t\t\t\t\t\t\t\t\t<img decoding=\"async\" width=\"670\" height=\"1024\" src=\"https:\/\/reeducandonos.com.ar\/renderest\/wp-content\/uploads\/2024\/09\/WhatsApp-Image-2025-01-27-at-3.13.23-PM-670x1024.jpeg\" class=\"attachment-large size-large wp-image-221\" alt=\"\" srcset=\"https:\/\/reeducandonos.com.ar\/renderest\/wp-content\/uploads\/2024\/09\/WhatsApp-Image-2025-01-27-at-3.13.23-PM-670x1024.jpeg 670w, https:\/\/reeducandonos.com.ar\/renderest\/wp-content\/uploads\/2024\/09\/WhatsApp-Image-2025-01-27-at-3.13.23-PM-196x300.jpeg 196w, https:\/\/reeducandonos.com.ar\/renderest\/wp-content\/uploads\/2024\/09\/WhatsApp-Image-2025-01-27-at-3.13.23-PM-768x1173.jpeg 768w, https:\/\/reeducandonos.com.ar\/renderest\/wp-content\/uploads\/2024\/09\/WhatsApp-Image-2025-01-27-at-3.13.23-PM.jpeg 913w\" sizes=\"(max-width: 670px) 100vw, 670px\" \/>\t\t\t\t\t\t\t\t\t\t\t\t\t\t\t<\/div>\n\t\t\t\t<\/div>\n\t\t\t\t<\/div>\n\t\t<div class=\"elementor-element elementor-element-a00f964 e-con-full e-flex e-con e-child\" data-id=\"a00f964\" data-element_type=\"container\">\n\t\t\t\t<div class=\"elementor-element elementor-element-739f9a6 elementor-widget elementor-widget-heading\" data-id=\"739f9a6\" data-element_type=\"widget\" data-widget_type=\"heading.default\">\n\t\t\t\t<div class=\"elementor-widget-container\">\n\t\t\t\t\t<h2 class=\"elementor-heading-title elementor-size-default\">Bienvenidos A<\/h2>\t\t\t\t<\/div>\n\t\t\t\t<\/div>\n\t\t\t\t<div class=\"elementor-element elementor-element-339ba08 elementor-widget elementor-widget-heading\" data-id=\"339ba08\" data-element_type=\"widget\" data-widget_type=\"heading.default\">\n\t\t\t\t<div class=\"elementor-widget-container\">\n\t\t\t\t\t<h2 class=\"elementor-heading-title elementor-size-default\">RENDEREST.SAS<\/h2>\t\t\t\t<\/div>\n\t\t\t\t<\/div>\n\t\t\t\t<div class=\"elementor-element elementor-element-e02bccf elementor-widget elementor-widget-heading\" data-id=\"e02bccf\" data-element_type=\"widget\" data-widget_type=\"heading.default\">\n\t\t\t\t<div class=\"elementor-widget-container\">\n\t\t\t\t\t<h2 class=\"elementor-heading-title elementor-size-default\">Elaboraci\u00f3n de sub-productos ganaderos<\/h2>\t\t\t\t<\/div>\n\t\t\t\t<\/div>\n\t\t\t\t<div class=\"elementor-element elementor-element-1dd95eb elementor-widget elementor-widget-text-editor\" data-id=\"1dd95eb\" data-element_type=\"widget\" data-widget_type=\"text-editor.default\">\n\t\t\t\t<div class=\"elementor-widget-container\">\n\t\t\t\t\t\t\t\t\t<p>Renderest S.A.S. es una empresa familiar con m\u00e1s de 50 a\u00f1os en el mercado, que se fund\u00f3 con el prop\u00f3sito de seguir expandi\u00e9ndose y continuar brindando atenci\u00f3n a empresas frigor\u00edficas y curtiembres y productos de calidad en el Rendering de Subproductos Ganaderos.<\/p><p>Rendering es el proceso mediante el cual se reciclan los sub-productos ganaderos en sustancias de las cuales se obtiene sebo industrial para jaboner\u00eda y expeller de origen animal.<\/p>\t\t\t\t\t\t\t\t<\/div>\n\t\t\t\t<\/div>\n\t\t\t\t<div class=\"elementor-element elementor-element-b499c88 elementor-align-left elementor-widget elementor-widget-button\" data-id=\"b499c88\" data-element_type=\"widget\" data-widget_type=\"button.default\">\n\t\t\t\t<div class=\"elementor-widget-container\">\n\t\t\t\t\t\t\t\t\t<div class=\"elementor-button-wrapper\">\n\t\t\t\t\t<a class=\"elementor-button elementor-button-link elementor-size-sm\" href=\"https:\/\/reeducandonos.com.ar\/renderest\/servicios\/\">\n\t\t\t\t\t\t<span class=\"elementor-button-content-wrapper\">\n\t\t\t\t\t\t\t\t\t<span class=\"elementor-button-text\">Servicios<\/span>\n\t\t\t\t\t<\/span>\n\t\t\t\t\t<\/a>\n\t\t\t\t<\/div>\n\t\t\t\t\t\t\t\t<\/div>\n\t\t\t\t<\/div>\n\t\t\t\t<\/div>\n\t\t\t\t\t<\/div>\n\t\t\t\t<\/div>\n\t\t<div class=\"elementor-element elementor-element-e1028b9 e-flex e-con-boxed e-con e-parent\" data-id=\"e1028b9\" data-element_type=\"container\" data-settings=\"{&quot;background_background&quot;:&quot;classic&quot;,&quot;shape_divider_bottom&quot;:&quot;tilt&quot;}\">\n\t\t\t\t\t<div class=\"e-con-inner\">\n\t\t\t\t<div class=\"elementor-shape elementor-shape-bottom\" data-negative=\"false\">\n\t\t\t<svg xmlns=\"http:\/\/www.w3.org\/2000\/svg\" viewBox=\"0 0 1000 100\" preserveAspectRatio=\"none\">\n\t<path class=\"elementor-shape-fill\" d=\"M0,6V0h1000v100L0,6z\"\/>\n<\/svg>\t\t<\/div>\n\t\t\t\t<div class=\"elementor-element elementor-element-93b6bad elementor-widget elementor-widget-heading\" data-id=\"93b6bad\" data-element_type=\"widget\" data-widget_type=\"heading.default\">\n\t\t\t\t<div class=\"elementor-widget-container\">\n\t\t\t\t\t<h2 class=\"elementor-heading-title elementor-size-default\">RST<\/h2>\t\t\t\t<\/div>\n\t\t\t\t<\/div>\n\t\t\t\t<div class=\"elementor-element elementor-element-0a0920d elementor-widget elementor-widget-heading\" data-id=\"0a0920d\" data-element_type=\"widget\" data-widget_type=\"heading.default\">\n\t\t\t\t<div class=\"elementor-widget-container\">\n\t\t\t\t\t<h2 class=\"elementor-heading-title elementor-size-default\">RENDEREST.SAS<\/h2>\t\t\t\t<\/div>\n\t\t\t\t<\/div>\n\t\t\t\t<div class=\"elementor-element elementor-element-c5455ba elementor-widget elementor-widget-heading\" data-id=\"c5455ba\" data-element_type=\"widget\" data-widget_type=\"heading.default\">\n\t\t\t\t<div class=\"elementor-widget-container\">\n\t\t\t\t\t<h2 class=\"elementor-heading-title elementor-size-default\">Elaboraci\u00f3n de sub-productos ganaderos\u200b<\/h2>\t\t\t\t<\/div>\n\t\t\t\t<\/div>\n\t\t<div class=\"elementor-element elementor-element-e89640c e-con-full e-flex e-con e-child\" data-id=\"e89640c\" data-element_type=\"container\">\n\t\t<div class=\"elementor-element elementor-element-747e959 e-con-full e-flex e-con e-child\" data-id=\"747e959\" data-element_type=\"container\">\n\t\t\t\t<div class=\"elementor-element elementor-element-d8f9508 elementor-align-right elementor-widget elementor-widget-button\" data-id=\"d8f9508\" data-element_type=\"widget\" data-widget_type=\"button.default\">\n\t\t\t\t<div class=\"elementor-widget-container\">\n\t\t\t\t\t\t\t\t\t<div class=\"elementor-button-wrapper\">\n\t\t\t\t\t<a class=\"elementor-button elementor-button-link elementor-size-sm\" href=\"https:\/\/reeducandonos.com.ar\/renderest\/servicios\/\">\n\t\t\t\t\t\t<span class=\"elementor-button-content-wrapper\">\n\t\t\t\t\t\t<span class=\"elementor-button-icon\">\n\t\t\t\t<svg aria-hidden=\"true\" class=\"e-font-icon-svg e-fas-arrow-right\" viewBox=\"0 0 448 512\" xmlns=\"http:\/\/www.w3.org\/2000\/svg\"><path d=\"M190.5 66.9l22.2-22.2c9.4-9.4 24.6-9.4 33.9 0L441 239c9.4 9.4 9.4 24.6 0 33.9L246.6 467.3c-9.4 9.4-24.6 9.4-33.9 0l-22.2-22.2c-9.5-9.5-9.3-25 .4-34.3L311.4 296H24c-13.3 0-24-10.7-24-24v-32c0-13.3 10.7-24 24-24h287.4L190.9 101.2c-9.8-9.3-10-24.8-.4-34.3z\"><\/path><\/svg>\t\t\t<\/span>\n\t\t\t\t\t\t\t\t\t<span class=\"elementor-button-text\">Servicios<\/span>\n\t\t\t\t\t<\/span>\n\t\t\t\t\t<\/a>\n\t\t\t\t<\/div>\n\t\t\t\t\t\t\t\t<\/div>\n\t\t\t\t<\/div>\n\t\t\t\t<\/div>\n\t\t<div class=\"elementor-element elementor-element-18df68f e-con-full e-flex e-con e-child\" data-id=\"18df68f\" data-element_type=\"container\">\n\t\t\t\t<div class=\"elementor-element elementor-element-baf216d elementor-align-right elementor-widget elementor-widget-button\" data-id=\"baf216d\" data-element_type=\"widget\" data-widget_type=\"button.default\">\n\t\t\t\t<div class=\"elementor-widget-container\">\n\t\t\t\t\t\t\t\t\t<div class=\"elementor-button-wrapper\">\n\t\t\t\t\t<a class=\"elementor-button elementor-button-link elementor-size-sm\" href=\"https:\/\/reeducandonos.com.ar\/renderest\/contacto\/\">\n\t\t\t\t\t\t<span class=\"elementor-button-content-wrapper\">\n\t\t\t\t\t\t<span class=\"elementor-button-icon\">\n\t\t\t\t<svg aria-hidden=\"true\" class=\"e-font-icon-svg e-fas-arrow-right\" viewBox=\"0 0 448 512\" xmlns=\"http:\/\/www.w3.org\/2000\/svg\"><path d=\"M190.5 66.9l22.2-22.2c9.4-9.4 24.6-9.4 33.9 0L441 239c9.4 9.4 9.4 24.6 0 33.9L246.6 467.3c-9.4 9.4-24.6 9.4-33.9 0l-22.2-22.2c-9.5-9.5-9.3-25 .4-34.3L311.4 296H24c-13.3 0-24-10.7-24-24v-32c0-13.3 10.7-24 24-24h287.4L190.9 101.2c-9.8-9.3-10-24.8-.4-34.3z\"><\/path><\/svg>\t\t\t<\/span>\n\t\t\t\t\t\t\t\t\t<span class=\"elementor-button-text\">Contacto<\/span>\n\t\t\t\t\t<\/span>\n\t\t\t\t\t<\/a>\n\t\t\t\t<\/div>\n\t\t\t\t\t\t\t\t<\/div>\n\t\t\t\t<\/div>\n\t\t\t\t<\/div>\n\t\t\t\t<\/div>\n\t\t\t\t\t<\/div>\n\t\t\t\t<\/div>\n\t\t<div class=\"elementor-element elementor-element-d905f45 e-flex e-con-boxed e-con e-parent\" data-id=\"d905f45\" data-element_type=\"container\">\n\t\t\t\t\t<div class=\"e-con-inner\">\n\t\t<div class=\"elementor-element elementor-element-0079863 e-con-full e-flex e-con e-child\" data-id=\"0079863\" data-element_type=\"container\" data-settings=\"{&quot;background_background&quot;:&quot;classic&quot;}\">\n\t\t<div class=\"elementor-element elementor-element-395e0a1 e-con-full e-flex e-con e-child\" data-id=\"395e0a1\" data-element_type=\"container\">\n\t\t\t\t<div class=\"elementor-element elementor-element-7fec5f7 elementor-widget elementor-widget-image\" data-id=\"7fec5f7\" data-element_type=\"widget\" data-widget_type=\"image.default\">\n\t\t\t\t<div class=\"elementor-widget-container\">\n\t\t\t\t\t\t\t\t\t\t\t\t\t\t\t<img decoding=\"async\" width=\"800\" height=\"884\" src=\"https:\/\/reeducandonos.com.ar\/renderest\/wp-content\/uploads\/2024\/09\/WhatsApp-Image-2025-01-27-at-3.04.14-PM-927x1024.jpeg\" class=\"attachment-large size-large wp-image-219\" alt=\"\" srcset=\"https:\/\/reeducandonos.com.ar\/renderest\/wp-content\/uploads\/2024\/09\/WhatsApp-Image-2025-01-27-at-3.04.14-PM-927x1024.jpeg 927w, https:\/\/reeducandonos.com.ar\/renderest\/wp-content\/uploads\/2024\/09\/WhatsApp-Image-2025-01-27-at-3.04.14-PM-272x300.jpeg 272w, https:\/\/reeducandonos.com.ar\/renderest\/wp-content\/uploads\/2024\/09\/WhatsApp-Image-2025-01-27-at-3.04.14-PM-768x848.jpeg 768w, https:\/\/reeducandonos.com.ar\/renderest\/wp-content\/uploads\/2024\/09\/WhatsApp-Image-2025-01-27-at-3.04.14-PM.jpeg 1080w\" sizes=\"(max-width: 800px) 100vw, 800px\" \/>\t\t\t\t\t\t\t\t\t\t\t\t\t\t\t<\/div>\n\t\t\t\t<\/div>\n\t\t\t\t<div class=\"elementor-element elementor-element-82cb7e1 elementor-widget elementor-widget-heading\" data-id=\"82cb7e1\" data-element_type=\"widget\" data-widget_type=\"heading.default\">\n\t\t\t\t<div class=\"elementor-widget-container\">\n\t\t\t\t\t<h2 class=\"elementor-heading-title elementor-size-default\">Expeller vacuno<\/h2>\t\t\t\t<\/div>\n\t\t\t\t<\/div>\n\t\t\t\t<\/div>\n\t\t<div class=\"elementor-element elementor-element-e73eacc e-con-full e-flex e-con e-child\" data-id=\"e73eacc\" data-element_type=\"container\">\n\t\t\t\t<div class=\"elementor-element elementor-element-566753c elementor-widget elementor-widget-image\" data-id=\"566753c\" data-element_type=\"widget\" data-widget_type=\"image.default\">\n\t\t\t\t<div class=\"elementor-widget-container\">\n\t\t\t\t\t\t\t\t\t\t\t\t\t\t\t<img loading=\"lazy\" decoding=\"async\" width=\"800\" height=\"1006\" src=\"https:\/\/reeducandonos.com.ar\/renderest\/wp-content\/uploads\/2024\/09\/WhatsApp-Image-2025-01-27-at-3.14.36-PM-814x1024.jpeg\" class=\"attachment-large size-large wp-image-208\" alt=\"\" srcset=\"https:\/\/reeducandonos.com.ar\/renderest\/wp-content\/uploads\/2024\/09\/WhatsApp-Image-2025-01-27-at-3.14.36-PM-814x1024.jpeg 814w, https:\/\/reeducandonos.com.ar\/renderest\/wp-content\/uploads\/2024\/09\/WhatsApp-Image-2025-01-27-at-3.14.36-PM-238x300.jpeg 238w, https:\/\/reeducandonos.com.ar\/renderest\/wp-content\/uploads\/2024\/09\/WhatsApp-Image-2025-01-27-at-3.14.36-PM-768x966.jpeg 768w, https:\/\/reeducandonos.com.ar\/renderest\/wp-content\/uploads\/2024\/09\/WhatsApp-Image-2025-01-27-at-3.14.36-PM.jpeg 1080w\" sizes=\"(max-width: 800px) 100vw, 800px\" \/>\t\t\t\t\t\t\t\t\t\t\t\t\t\t\t<\/div>\n\t\t\t\t<\/div>\n\t\t\t\t<div class=\"elementor-element elementor-element-2819bdf elementor-widget elementor-widget-heading\" data-id=\"2819bdf\" data-element_type=\"widget\" data-widget_type=\"heading.default\">\n\t\t\t\t<div class=\"elementor-widget-container\">\n\t\t\t\t\t<h2 class=\"elementor-heading-title elementor-size-default\">Blanqueo en laboratorio<\/h2>\t\t\t\t<\/div>\n\t\t\t\t<\/div>\n\t\t\t\t<\/div>\n\t\t<div class=\"elementor-element elementor-element-f9c2176 e-con-full e-flex e-con e-child\" data-id=\"f9c2176\" data-element_type=\"container\">\n\t\t\t\t<div class=\"elementor-element elementor-element-f71f13f elementor-widget elementor-widget-image\" data-id=\"f71f13f\" data-element_type=\"widget\" data-widget_type=\"image.default\">\n\t\t\t\t<div class=\"elementor-widget-container\">\n\t\t\t\t\t\t\t\t\t\t\t\t\t\t\t<img loading=\"lazy\" decoding=\"async\" width=\"800\" height=\"600\" src=\"https:\/\/reeducandonos.com.ar\/renderest\/wp-content\/uploads\/2024\/09\/WhatsApp-Image-2025-01-27-at-3.24.57-PM-1024x768.jpeg\" class=\"attachment-large size-large wp-image-212\" alt=\"\" srcset=\"https:\/\/reeducandonos.com.ar\/renderest\/wp-content\/uploads\/2024\/09\/WhatsApp-Image-2025-01-27-at-3.24.57-PM-1024x768.jpeg 1024w, https:\/\/reeducandonos.com.ar\/renderest\/wp-content\/uploads\/2024\/09\/WhatsApp-Image-2025-01-27-at-3.24.57-PM-300x225.jpeg 300w, https:\/\/reeducandonos.com.ar\/renderest\/wp-content\/uploads\/2024\/09\/WhatsApp-Image-2025-01-27-at-3.24.57-PM-768x576.jpeg 768w, https:\/\/reeducandonos.com.ar\/renderest\/wp-content\/uploads\/2024\/09\/WhatsApp-Image-2025-01-27-at-3.24.57-PM-1536x1153.jpeg 1536w, https:\/\/reeducandonos.com.ar\/renderest\/wp-content\/uploads\/2024\/09\/WhatsApp-Image-2025-01-27-at-3.24.57-PM.jpeg 1599w\" sizes=\"(max-width: 800px) 100vw, 800px\" \/>\t\t\t\t\t\t\t\t\t\t\t\t\t\t\t<\/div>\n\t\t\t\t<\/div>\n\t\t\t\t<div class=\"elementor-element elementor-element-a0fb934 elementor-widget elementor-widget-heading\" data-id=\"a0fb934\" data-element_type=\"widget\" data-widget_type=\"heading.default\">\n\t\t\t\t<div class=\"elementor-widget-container\">\n\t\t\t\t\t<h2 class=\"elementor-heading-title elementor-size-default\">Sebo l\u00edquido<\/h2>\t\t\t\t<\/div>\n\t\t\t\t<\/div>\n\t\t\t\t<\/div>\n\t\t\t\t<\/div>\n\t\t\t\t\t<\/div>\n\t\t\t\t<\/div>\n\t\t<div class=\"elementor-element elementor-element-66eb258 e-flex e-con-boxed e-con e-parent\" data-id=\"66eb258\" data-element_type=\"container\" data-settings=\"{&quot;background_background&quot;:&quot;classic&quot;}\">\n\t\t\t\t\t<div class=\"e-con-inner\">\n\t\t\t\t<div class=\"elementor-element elementor-element-a20104a elementor-widget elementor-widget-heading\" data-id=\"a20104a\" data-element_type=\"widget\" data-widget_type=\"heading.default\">\n\t\t\t\t<div class=\"elementor-widget-container\">\n\t\t\t\t\t<h2 class=\"elementor-heading-title elementor-size-default\">Notas de interes<\/h2>\t\t\t\t<\/div>\n\t\t\t\t<\/div>\n\t\t\t\t<div class=\"elementor-element elementor-element-1169871 elementor-grid-3 elementor-grid-tablet-2 elementor-grid-mobile-1 elementor-posts--thumbnail-top elementor-widget elementor-widget-posts\" data-id=\"1169871\" data-element_type=\"widget\" data-settings=\"{&quot;classic_row_gap&quot;:{&quot;unit&quot;:&quot;px&quot;,&quot;size&quot;:21,&quot;sizes&quot;:[]},&quot;classic_columns&quot;:&quot;3&quot;,&quot;classic_columns_tablet&quot;:&quot;2&quot;,&quot;classic_columns_mobile&quot;:&quot;1&quot;,&quot;classic_row_gap_tablet&quot;:{&quot;unit&quot;:&quot;px&quot;,&quot;size&quot;:&quot;&quot;,&quot;sizes&quot;:[]},&quot;classic_row_gap_mobile&quot;:{&quot;unit&quot;:&quot;px&quot;,&quot;size&quot;:&quot;&quot;,&quot;sizes&quot;:[]}}\" data-widget_type=\"posts.classic\">\n\t\t\t\t<div class=\"elementor-widget-container\">\n\t\t\t\t\t\t\t<div class=\"elementor-posts-container elementor-posts elementor-posts--skin-classic elementor-grid\">\n\t\t\t\t<article class=\"elementor-post elementor-grid-item post-418 post type-post status-publish format-standard has-post-thumbnail hentry category-sin-categoria\">\n\t\t\t\t<a class=\"elementor-post__thumbnail__link\" href=\"https:\/\/reeducandonos.com.ar\/renderest\/noticia-destacada\/\" tabindex=\"-1\" >\n\t\t\t<div class=\"elementor-post__thumbnail\"><img loading=\"lazy\" decoding=\"async\" width=\"800\" height=\"533\" src=\"https:\/\/reeducandonos.com.ar\/renderest\/wp-content\/uploads\/2025\/02\/vista-lateral-joven-manworking-1024x682.jpg\" class=\"attachment-large size-large wp-image-335\" alt=\"\" srcset=\"https:\/\/reeducandonos.com.ar\/renderest\/wp-content\/uploads\/2025\/02\/vista-lateral-joven-manworking-1024x682.jpg 1024w, https:\/\/reeducandonos.com.ar\/renderest\/wp-content\/uploads\/2025\/02\/vista-lateral-joven-manworking-300x200.jpg 300w, https:\/\/reeducandonos.com.ar\/renderest\/wp-content\/uploads\/2025\/02\/vista-lateral-joven-manworking-768x512.jpg 768w, https:\/\/reeducandonos.com.ar\/renderest\/wp-content\/uploads\/2025\/02\/vista-lateral-joven-manworking-1536x1024.jpg 1536w, https:\/\/reeducandonos.com.ar\/renderest\/wp-content\/uploads\/2025\/02\/vista-lateral-joven-manworking.jpg 2000w\" sizes=\"(max-width: 800px) 100vw, 800px\" \/><\/div>\n\t\t<\/a>\n\t\t\t\t<div class=\"elementor-post__text\">\n\t\t\t\t<h3 class=\"elementor-post__title\">\n\t\t\t<a href=\"https:\/\/reeducandonos.com.ar\/renderest\/noticia-destacada\/\" >\n\t\t\t\tNoticia destacada\t\t\t<\/a>\n\t\t<\/h3>\n\t\t\t\t<div class=\"elementor-post__excerpt\">\n\t\t\t<p>Renderest S.A.S. es una empresa familiar con m\u00e1s de 50 a\u00f1os en el mercado, que se fund\u00f3 con el prop\u00f3sito de seguir expandi\u00e9ndose y continuar<\/p>\n\t\t<\/div>\n\t\t\n\t\t<a class=\"elementor-post__read-more\" href=\"https:\/\/reeducandonos.com.ar\/renderest\/noticia-destacada\/\" aria-label=\"Read more about Noticia destacada\" tabindex=\"-1\" >\n\t\t\tMas info \u00bb\t\t<\/a>\n\n\t\t\t\t<\/div>\n\t\t\t\t<\/article>\n\t\t\t\t<\/div>\n\t\t\n\t\t\t\t\t\t<\/div>\n\t\t\t\t<\/div>\n\t\t\t\t\t<\/div>\n\t\t\t\t<\/div>\n\t\t\t\t<\/div>\n\t\t","protected":false},"excerpt":{"rendered":"<p>RENDEREST.SASElaboraci\u00f3n de Sub-Productos GanaderosSERVICIOSRENDEREST.SASElaboraci\u00f3n de Sub-Productos GanaderosSERVICIOSRENDEREST.SASElaboraci\u00f3n de Sub-Productos GanaderosSERVICIOS Bienvenidos A RENDEREST.SAS Elaboraci\u00f3n de sub-productos ganaderos Renderest S.A.S. es una empresa familiar con m\u00e1s de 50 a\u00f1os en el mercado, que se fund\u00f3 con el prop\u00f3sito de seguir expandi\u00e9ndose y continuar brindando atenci\u00f3n a empresas frigor\u00edficas y curtiembres y productos de calidad en el [&hellip;]<\/p>\n","protected":false},"author":2,"featured_media":0,"parent":0,"menu_order":0,"comment_status":"open","ping_status":"closed","template":"elementor_header_footer","meta":{"footnotes":""},"class_list":["post-2","page","type-page","status-publish","hentry"],"aioseo_notices":[],"_links":{"self":[{"href":"https:\/\/reeducandonos.com.ar\/renderest\/wp-json\/wp\/v2\/pages\/2","targetHints":{"allow":["GET"]}}],"collection":[{"href":"https:\/\/reeducandonos.com.ar\/renderest\/wp-json\/wp\/v2\/pages"}],"about":[{"href":"https:\/\/reeducandonos.com.ar\/renderest\/wp-json\/wp\/v2\/types\/page"}],"author":[{"embeddable":true,"href":"https:\/\/reeducandonos.com.ar\/renderest\/wp-json\/wp\/v2\/users\/2"}],"replies":[{"embeddable":true,"href":"https:\/\/reeducandonos.com.ar\/renderest\/wp-json\/wp\/v2\/comments?post=2"}],"version-history":[{"count":145,"href":"https:\/\/reeducandonos.com.ar\/renderest\/wp-json\/wp\/v2\/pages\/2\/revisions"}],"predecessor-version":[{"id":438,"href":"https:\/\/reeducandonos.com.ar\/renderest\/wp-json\/wp\/v2\/pages\/2\/revisions\/438"}],"wp:attachment":[{"href":"https:\/\/reeducandonos.com.ar\/renderest\/wp-json\/wp\/v2\/media?parent=2"}],"curies":[{"name":"wp","href":"https:\/\/api.w.org\/{rel}","templated":true}]}}